{"id":7,"date":"2023-01-04T23:25:34","date_gmt":"2023-01-04T23:25:34","guid":{"rendered":"http:\/\/iotechp.cluster028.hosting.ovh.net\/www4\/?page_id=7"},"modified":"2023-04-01T09:10:42","modified_gmt":"2023-04-01T09:10:42","slug":"strona-glowna","status":"publish","type":"page","link":"https:\/\/automatykaitechnologie.pl\/","title":{"rendered":"strona glowna"},"content":{"rendered":"\t\t<div data-elementor-type=\"wp-page\" data-elementor-id=\"7\" class=\"elementor elementor-7\">\n\t\t\t\t\t\t\t\t\t<section class=\"elementor-section elementor-top-section elementor-element elementor-element-93a7e79 elementor-section-boxed elementor-section-height-default elementor-section-height-default\" data-id=\"93a7e79\" data-element_type=\"section\">\n\t\t\t\t\t\t<div class=\"elementor-container elementor-column-gap-default\">\n\t\t\t\t\t<div class=\"elementor-column elementor-col-50 elementor-top-column elementor-element elementor-element-cff81fb\" data-id=\"cff81fb\" data-element_type=\"column\">\n\t\t\t<div class=\"elementor-widget-wrap elementor-element-populated\">\n\t\t\t\t\t\t\t\t<div class=\"elementor-element elementor-element-825ae7e elementor-position-top elementor-vertical-align-top elementor-widget elementor-widget-image-box\" data-id=\"825ae7e\" data-element_type=\"widget\" data-widget_type=\"image-box.default\">\n\t\t\t\t<div class=\"elementor-widget-container\">\n\t\t\t<style>\/*! elementor - v3.9.2 - 21-12-2022 *\/\n.elementor-widget-image-box .elementor-image-box-content{width:100%}@media (min-width:768px){.elementor-widget-image-box.elementor-position-left .elementor-image-box-wrapper,.elementor-widget-image-box.elementor-position-right .elementor-image-box-wrapper{display:flex}.elementor-widget-image-box.elementor-position-right .elementor-image-box-wrapper{text-align:right;flex-direction:row-reverse}.elementor-widget-image-box.elementor-position-left .elementor-image-box-wrapper{text-align:left;flex-direction:row}.elementor-widget-image-box.elementor-position-top .elementor-image-box-img{margin:auto}.elementor-widget-image-box.elementor-vertical-align-top .elementor-image-box-wrapper{align-items:flex-start}.elementor-widget-image-box.elementor-vertical-align-middle .elementor-image-box-wrapper{align-items:center}.elementor-widget-image-box.elementor-vertical-align-bottom .elementor-image-box-wrapper{align-items:flex-end}}@media (max-width:767px){.elementor-widget-image-box .elementor-image-box-img{margin-left:auto!important;margin-right:auto!important;margin-bottom:15px}}.elementor-widget-image-box .elementor-image-box-img{display:inline-block}.elementor-widget-image-box .elementor-image-box-title a{color:inherit}.elementor-widget-image-box .elementor-image-box-wrapper{text-align:center}.elementor-widget-image-box .elementor-image-box-description{margin:0}<\/style><div class=\"elementor-image-box-wrapper\"><figure class=\"elementor-image-box-img\"><a href=\"http:\/\/automatykaitechnologie.pl\/index.php\/2023\/01\/14\/przekaznik-do-linii-dlugich\/\"><img loading=\"lazy\" decoding=\"async\" width=\"272\" height=\"355\" src=\"https:\/\/automatykaitechnologie.pl\/wp-content\/uploads\/2023\/01\/przekaznik-linii-dlugich.png\" class=\"elementor-animation-push attachment-full size-full wp-image-92\" alt=\"Przeka\u017anik o linii d\u0142ugich automatyka\" srcset=\"https:\/\/automatykaitechnologie.pl\/wp-content\/uploads\/2023\/01\/przekaznik-linii-dlugich.png 272w, https:\/\/automatykaitechnologie.pl\/wp-content\/uploads\/2023\/01\/przekaznik-linii-dlugich-230x300.png 230w\" sizes=\"auto, (max-width: 272px) 100vw, 272px\" \/><\/a><\/figure><div class=\"elementor-image-box-content\"><h3 class=\"elementor-image-box-title\"><a href=\"http:\/\/automatykaitechnologie.pl\/index.php\/2023\/01\/14\/przekaznik-do-linii-dlugich\/\">Przeka\u017aniki do linii d\u0142ugich<\/a><\/h3><p class=\"elementor-image-box-description\">W tym wpisie dowiesz si\u0119 czym jest problem linii d\u0142ugich oraz jak sobie z nim radzi\u0107. Je\u015bli Twoje przeka\u017aniki nie odpadaj\u0105 to warto aby\u015b to przeczyta\u0142.<\/p><\/div><\/div>\t\t<\/div>\n\t\t\t\t<\/div>\n\t\t\t\t\t<\/div>\n\t\t<\/div>\n\t\t\t\t<div class=\"elementor-column elementor-col-50 elementor-top-column elementor-element elementor-element-15deefe\" data-id=\"15deefe\" data-element_type=\"column\">\n\t\t\t<div class=\"elementor-widget-wrap elementor-element-populated\">\n\t\t\t\t\t\t\t\t<div class=\"elementor-element elementor-element-c18da7d elementor-position-top elementor-vertical-align-top elementor-widget elementor-widget-image-box\" data-id=\"c18da7d\" data-element_type=\"widget\" data-widget_type=\"image-box.default\">\n\t\t\t\t<div class=\"elementor-widget-container\">\n\t\t\t<div class=\"elementor-image-box-wrapper\"><figure class=\"elementor-image-box-img\"><a href=\"http:\/\/automatykaitechnologie.pl\/index.php\/2023\/01\/05\/wylaczenie-w-zerze\/\"><img loading=\"lazy\" decoding=\"async\" width=\"300\" height=\"225\" src=\"https:\/\/automatykaitechnologie.pl\/wp-content\/uploads\/2023\/01\/przejscie-przez-zero-1-300x225.png\" class=\"elementor-animation-push attachment-medium size-medium wp-image-27\" alt=\"\" srcset=\"https:\/\/automatykaitechnologie.pl\/wp-content\/uploads\/2023\/01\/przejscie-przez-zero-1-300x225.png 300w, https:\/\/automatykaitechnologie.pl\/wp-content\/uploads\/2023\/01\/przejscie-przez-zero-1-768x576.png 768w, https:\/\/automatykaitechnologie.pl\/wp-content\/uploads\/2023\/01\/przejscie-przez-zero-1.png 1024w\" sizes=\"auto, (max-width: 300px) 100vw, 300px\" \/><\/a><\/figure><div class=\"elementor-image-box-content\"><h3 class=\"elementor-image-box-title\"><a href=\"http:\/\/automatykaitechnologie.pl\/index.php\/2023\/01\/05\/wylaczenie-w-zerze\/\">Za\u0142\u0105czenie w zerze na czym polega?<\/a><\/h3><p class=\"elementor-image-box-description\">Dowiesz si\u0119 na czym polega za\u0142\u0105czenie w zerze wykorzystywane w automatyce oraz gdzie jest stosowane - mi\u0142ej lektury.<\/p><\/div><\/div>\t\t<\/div>\n\t\t\t\t<\/div>\n\t\t\t\t\t<\/div>\n\t\t<\/div>\n\t\t\t\t\t\t\t<\/div>\n\t\t<\/section>\n\t\t\t\t<section class=\"elementor-section elementor-top-section elementor-element elementor-element-2ffb2e2 elementor-section-boxed elementor-section-height-default elementor-section-height-default\" data-id=\"2ffb2e2\" data-element_type=\"section\">\n\t\t\t\t\t\t<div class=\"elementor-container elementor-column-gap-default\">\n\t\t\t\t\t<div class=\"elementor-column elementor-col-50 elementor-top-column elementor-element elementor-element-b5a18b6\" data-id=\"b5a18b6\" data-element_type=\"column\">\n\t\t\t<div class=\"elementor-widget-wrap elementor-element-populated\">\n\t\t\t\t\t\t\t\t<div class=\"elementor-element elementor-element-fe12a76 elementor-position-top elementor-vertical-align-top elementor-widget elementor-widget-image-box\" data-id=\"fe12a76\" data-element_type=\"widget\" data-widget_type=\"image-box.default\">\n\t\t\t\t<div class=\"elementor-widget-container\">\n\t\t\t<div class=\"elementor-image-box-wrapper\"><figure class=\"elementor-image-box-img\"><a href=\"http:\/\/automatykaitechnologie.pl\/index.php\/2023\/01\/16\/enkoder-inkrementalny\/\"><img loading=\"lazy\" decoding=\"async\" width=\"314\" height=\"290\" src=\"https:\/\/automatykaitechnologie.pl\/wp-content\/uploads\/2023\/01\/obraz_2023-01-16_214138096.png\" class=\"elementor-animation-push attachment-full size-full wp-image-129\" alt=\"\" srcset=\"https:\/\/automatykaitechnologie.pl\/wp-content\/uploads\/2023\/01\/obraz_2023-01-16_214138096.png 314w, https:\/\/automatykaitechnologie.pl\/wp-content\/uploads\/2023\/01\/obraz_2023-01-16_214138096-300x277.png 300w\" sizes=\"auto, (max-width: 314px) 100vw, 314px\" \/><\/a><\/figure><div class=\"elementor-image-box-content\"><h3 class=\"elementor-image-box-title\"><a href=\"http:\/\/automatykaitechnologie.pl\/index.php\/2023\/01\/16\/enkoder-inkrementalny\/\">Enkoder inkrementalny - zasada dzia\u0142ania<\/a><\/h3><p class=\"elementor-image-box-description\">Dowiesz si\u0119 jak dzia\u0142a enkoder inkrementalny, rodzaje i jego wady i zalety<\/p><\/div><\/div>\t\t<\/div>\n\t\t\t\t<\/div>\n\t\t\t\t\t<\/div>\n\t\t<\/div>\n\t\t\t\t<div class=\"elementor-column elementor-col-50 elementor-top-column elementor-element elementor-element-cfab454\" data-id=\"cfab454\" data-element_type=\"column\">\n\t\t\t<div class=\"elementor-widget-wrap elementor-element-populated\">\n\t\t\t\t\t\t\t\t<div class=\"elementor-element elementor-element-b28f488 elementor-position-top elementor-vertical-align-top elementor-widget elementor-widget-image-box\" data-id=\"b28f488\" data-element_type=\"widget\" data-widget_type=\"image-box.default\">\n\t\t\t\t<div class=\"elementor-widget-container\">\n\t\t\t<div class=\"elementor-image-box-wrapper\"><figure class=\"elementor-image-box-img\"><a href=\"http:\/\/automatykaitechnologie.pl\/index.php\/2023\/01\/21\/cykl-pracy-sterownika-plc\/\"><img loading=\"lazy\" decoding=\"async\" width=\"550\" height=\"550\" src=\"https:\/\/automatykaitechnologie.pl\/wp-content\/uploads\/2023\/01\/plc.png\" class=\"elementor-animation-push attachment-full size-full wp-image-149\" alt=\"sterownik plc\" srcset=\"https:\/\/automatykaitechnologie.pl\/wp-content\/uploads\/2023\/01\/plc.png 550w, https:\/\/automatykaitechnologie.pl\/wp-content\/uploads\/2023\/01\/plc-300x300.png 300w, https:\/\/automatykaitechnologie.pl\/wp-content\/uploads\/2023\/01\/plc-150x150.png 150w\" sizes=\"auto, (max-width: 550px) 100vw, 550px\" \/><\/a><\/figure><div class=\"elementor-image-box-content\"><h3 class=\"elementor-image-box-title\"><a href=\"http:\/\/automatykaitechnologie.pl\/index.php\/2023\/01\/21\/cykl-pracy-sterownika-plc\/\">Cykl pracy sterownika PLC<\/a><\/h3><p class=\"elementor-image-box-description\">Dowiesz si\u0119 jaki jest cykl pracy serownika PLC czyli jak krok po kroku sterownik realizuje swoje dzia\u0142anie.<\/p><\/div><\/div>\t\t<\/div>\n\t\t\t\t<\/div>\n\t\t\t\t\t<\/div>\n\t\t<\/div>\n\t\t\t\t\t\t\t<\/div>\n\t\t<\/section>\n\t\t\t\t\t\t\t<\/div>\n\t\t","protected":false},"excerpt":{"rendered":"<p>Przeka\u017aniki do linii d\u0142ugich W tym wpisie dowiesz si\u0119 czym jest problem linii d\u0142ugich oraz jak sobie z nim radzi\u0107. Je\u015bli Twoje przeka\u017aniki nie odpadaj\u0105 to warto aby\u015b to przeczyta\u0142. Za\u0142\u0105czenie w zerze na czym polega? Dowiesz si\u0119 na czym polega za\u0142\u0105czenie w zerze wykorzystywane w automatyce oraz gdzie jest stosowane &#8211; mi\u0142ej lektury. Enkoder &hellip;<\/p>\n<p class=\"read-more\"> <a class=\"\" href=\"https:\/\/automatykaitechnologie.pl\/\"> <span class=\"screen-reader-text\">strona glowna<\/span> Read More &raquo;<\/a><\/p>\n","protected":false},"author":1,"featured_media":0,"parent":0,"menu_order":0,"comment_status":"closed","ping_status":"closed","template":"","meta":{"site-sidebar-layout":"no-sidebar","site-content-layout":"page-builder","ast-global-header-display":"","ast-main-header-display":"","ast-hfb-above-header-display":"","ast-hfb-below-header-display":"","ast-hfb-mobile-header-display":"","site-post-title":"disabled","ast-breadcrumbs-content":"","ast-featured-img":"disabled","footer-sml-layout":"","theme-transparent-header-meta":"","adv-header-id-meta":"","stick-header-meta":"","header-above-stick-meta":"","header-main-stick-meta":"","header-below-stick-meta":"","footnotes":""},"class_list":["post-7","page","type-page","status-publish","hentry"],"_links":{"self":[{"href":"https:\/\/automatykaitechnologie.pl\/index.php\/wp-json\/wp\/v2\/pages\/7","targetHints":{"allow":["GET"]}}],"collection":[{"href":"https:\/\/automatykaitechnologie.pl\/index.php\/wp-json\/wp\/v2\/pages"}],"about":[{"href":"https:\/\/automatykaitechnologie.pl\/index.php\/wp-json\/wp\/v2\/types\/page"}],"author":[{"embeddable":true,"href":"https:\/\/automatykaitechnologie.pl\/index.php\/wp-json\/wp\/v2\/users\/1"}],"replies":[{"embeddable":true,"href":"https:\/\/automatykaitechnologie.pl\/index.php\/wp-json\/wp\/v2\/comments?post=7"}],"version-history":[{"count":41,"href":"https:\/\/automatykaitechnologie.pl\/index.php\/wp-json\/wp\/v2\/pages\/7\/revisions"}],"predecessor-version":[{"id":248,"href":"https:\/\/automatykaitechnologie.pl\/index.php\/wp-json\/wp\/v2\/pages\/7\/revisions\/248"}],"wp:attachment":[{"href":"https:\/\/automatykaitechnologie.pl\/index.php\/wp-json\/wp\/v2\/media?parent=7"}],"curies":[{"name":"wp","href":"https:\/\/api.w.org\/{rel}","templated":true}]}}